{"id":15105,"date":"2025-03-03T15:08:12","date_gmt":"2025-03-03T15:08:12","guid":{"rendered":"https:\/\/protectosolutions.com\/?page_id=15105"},"modified":"2025-03-07T20:18:25","modified_gmt":"2025-03-07T20:18:25","slug":"blog-2","status":"publish","type":"page","link":"https:\/\/protectosolutions.com\/es\/blog-2\/","title":{"rendered":"Blog"},"content":{"rendered":"<div data-elementor-type=\"wp-page\" data-elementor-id=\"15105\" class=\"elementor elementor-15105\" data-elementor-post-type=\"page\">\n\t\t\t\t<div class=\"elementor-element elementor-element-8a9be68 e-flex e-con-boxed e-con e-parent\" data-id=\"8a9be68\" data-element_type=\"container\">\n\t\t\t\t\t<div class=\"e-con-inner\">\n\t\t\t\t<div class=\"elementor-element elementor-element-8df435e elementor-grid-3 elementor-grid-tablet-2 elementor-grid-mobile-1 elementor-posts--thumbnail-top elementor-widget elementor-widget-posts\" data-id=\"8df435e\" data-element_type=\"widget\" data-settings=\"{&quot;classic_columns&quot;:&quot;3&quot;,&quot;classic_columns_tablet&quot;:&quot;2&quot;,&quot;classic_columns_mobile&quot;:&quot;1&quot;,&quot;classic_row_gap&quot;:{&quot;unit&quot;:&quot;px&quot;,&quot;size&quot;:35,&quot;sizes&quot;:[]},&quot;classic_row_gap_tablet&quot;:{&quot;unit&quot;:&quot;px&quot;,&quot;size&quot;:&quot;&quot;,&quot;sizes&quot;:[]},&quot;classic_row_gap_mobile&quot;:{&quot;unit&quot;:&quot;px&quot;,&quot;size&quot;:&quot;&quot;,&quot;sizes&quot;:[]}}\" data-widget_type=\"posts.classic\">\n\t\t\t\t<div class=\"elementor-widget-container\">\n\t\t\t\t\t\t\t<div class=\"elementor-posts-container elementor-posts elementor-posts--skin-classic elementor-grid\">\n\t\t\t\t<article class=\"elementor-post elementor-grid-item post-15164 post type-post status-publish format-standard has-post-thumbnail hentry category-uncategorized\">\n\t\t\t\t<a class=\"elementor-post__thumbnail__link\" href=\"https:\/\/protectosolutions.com\/es\/a-poor-driver-selection-process-can-increase-the-cost-of-your-commercial-insurance\/\" tabindex=\"-1\" >\n\t\t\t<div class=\"elementor-post__thumbnail\"><img fetchpriority=\"high\" decoding=\"async\" width=\"626\" height=\"417\" src=\"https:\/\/protectosolutions.com\/wp-content\/uploads\/2025\/02\/converted_1-1.jpg\" class=\"attachment-full size-full wp-image-15162\" alt=\"\" srcset=\"https:\/\/protectosolutions.com\/wp-content\/uploads\/2025\/02\/converted_1-1.jpg 626w, https:\/\/protectosolutions.com\/wp-content\/uploads\/2025\/02\/converted_1-1-300x200.jpg 300w, https:\/\/protectosolutions.com\/wp-content\/uploads\/2025\/02\/converted_1-1-18x12.jpg 18w, https:\/\/protectosolutions.com\/wp-content\/uploads\/2025\/02\/converted_1-1-365x243.jpg 365w\" sizes=\"(max-width: 626px) 100vw, 626px\" \/><\/div>\n\t\t<\/a>\n\t\t\t\t<div class=\"elementor-post__text\">\n\t\t\t\t<h3 class=\"elementor-post__title\">\n\t\t\t<a href=\"https:\/\/protectosolutions.com\/es\/a-poor-driver-selection-process-can-increase-the-cost-of-your-commercial-insurance\/\" >\n\t\t\t\tUn mal proceso de selecci\u00f3n de conductores puede aumentar el costo de tu seguro comercial.\t\t\t<\/a>\n\t\t<\/h3>\n\t\t\t\t<div class=\"elementor-post__meta-data\">\n\t\t\t\t\t<span class=\"elementor-post-date\">\n\t\t\tmarzo 4, 2025\t\t<\/span>\n\t\t\t\t<span class=\"elementor-post-avatar\">\n\t\t\tNo hay comentarios\t\t<\/span>\n\t\t\t\t<\/div>\n\t\t\n\t\t<a class=\"elementor-post__read-more\" href=\"https:\/\/protectosolutions.com\/es\/a-poor-driver-selection-process-can-increase-the-cost-of-your-commercial-insurance\/\" aria-label=\"Read more about A Poor Driver Selection Process Can Increase the Cost of Your Commercial Insurance\" tabindex=\"-1\" >\n\t\t\tLeer Ahora \u00bb\t\t<\/a>\n\n\t\t\t\t<\/div>\n\t\t\t\t<\/article>\n\t\t\t\t<article class=\"elementor-post elementor-grid-item post-15058 post type-post status-publish format-standard has-post-thumbnail hentry category-uncategorized\">\n\t\t\t\t<a class=\"elementor-post__thumbnail__link\" href=\"https:\/\/protectosolutions.com\/es\/commercial-truck-insurance-in-texas-protect-your-transport-business\/\" tabindex=\"-1\" >\n\t\t\t<div class=\"elementor-post__thumbnail\"><img decoding=\"async\" width=\"2560\" height=\"1707\" src=\"https:\/\/protectosolutions.com\/wp-content\/uploads\/2025\/02\/AdobeStock_431984342-scaled-1.jpg\" class=\"attachment-full size-full wp-image-15060\" alt=\"\" srcset=\"https:\/\/protectosolutions.com\/wp-content\/uploads\/2025\/02\/AdobeStock_431984342-scaled-1.jpg 2560w, https:\/\/protectosolutions.com\/wp-content\/uploads\/2025\/02\/AdobeStock_431984342-scaled-1-300x200.jpg 300w, https:\/\/protectosolutions.com\/wp-content\/uploads\/2025\/02\/AdobeStock_431984342-scaled-1-1024x683.jpg 1024w, https:\/\/protectosolutions.com\/wp-content\/uploads\/2025\/02\/AdobeStock_431984342-scaled-1-768x512.jpg 768w, https:\/\/protectosolutions.com\/wp-content\/uploads\/2025\/02\/AdobeStock_431984342-scaled-1-1536x1024.jpg 1536w, https:\/\/protectosolutions.com\/wp-content\/uploads\/2025\/02\/AdobeStock_431984342-scaled-1-2048x1366.jpg 2048w, https:\/\/protectosolutions.com\/wp-content\/uploads\/2025\/02\/AdobeStock_431984342-scaled-1-18x12.jpg 18w, https:\/\/protectosolutions.com\/wp-content\/uploads\/2025\/02\/AdobeStock_431984342-scaled-1-365x243.jpg 365w\" sizes=\"(max-width: 2560px) 100vw, 2560px\" \/><\/div>\n\t\t<\/a>\n\t\t\t\t<div class=\"elementor-post__text\">\n\t\t\t\t<h3 class=\"elementor-post__title\">\n\t\t\t<a href=\"https:\/\/protectosolutions.com\/es\/commercial-truck-insurance-in-texas-protect-your-transport-business\/\" >\n\t\t\t\tSeguros para Camiones en Texas: Proteger Su Negocio de Transporte\t\t\t<\/a>\n\t\t<\/h3>\n\t\t\t\t<div class=\"elementor-post__meta-data\">\n\t\t\t\t\t<span class=\"elementor-post-date\">\n\t\t\tfebrero 27, 2025\t\t<\/span>\n\t\t\t\t<span class=\"elementor-post-avatar\">\n\t\t\tNo hay comentarios\t\t<\/span>\n\t\t\t\t<\/div>\n\t\t\n\t\t<a class=\"elementor-post__read-more\" href=\"https:\/\/protectosolutions.com\/es\/commercial-truck-insurance-in-texas-protect-your-transport-business\/\" aria-label=\"Read more about Commercial Truck Insurance in Texas: Protect Your Transport Business\" tabindex=\"-1\" >\n\t\t\tLeer Ahora \u00bb\t\t<\/a>\n\n\t\t\t\t<\/div>\n\t\t\t\t<\/article>\n\t\t\t\t<article class=\"elementor-post elementor-grid-item post-15055 post type-post status-publish format-standard has-post-thumbnail hentry category-uncategorized\">\n\t\t\t\t<a class=\"elementor-post__thumbnail__link\" href=\"https:\/\/protectosolutions.com\/es\/commercial-truck-insurance-in-florida-a-complete-guide\/\" tabindex=\"-1\" >\n\t\t\t<div class=\"elementor-post__thumbnail\"><img decoding=\"async\" width=\"1400\" height=\"800\" src=\"https:\/\/protectosolutions.com\/wp-content\/uploads\/2025\/02\/trucking-insurance-companies.jpg\" class=\"attachment-full size-full wp-image-15056\" alt=\"\" srcset=\"https:\/\/protectosolutions.com\/wp-content\/uploads\/2025\/02\/trucking-insurance-companies.jpg 1400w, https:\/\/protectosolutions.com\/wp-content\/uploads\/2025\/02\/trucking-insurance-companies-300x171.jpg 300w, https:\/\/protectosolutions.com\/wp-content\/uploads\/2025\/02\/trucking-insurance-companies-1024x585.jpg 1024w, https:\/\/protectosolutions.com\/wp-content\/uploads\/2025\/02\/trucking-insurance-companies-768x439.jpg 768w, https:\/\/protectosolutions.com\/wp-content\/uploads\/2025\/02\/trucking-insurance-companies-18x10.jpg 18w\" sizes=\"(max-width: 1400px) 100vw, 1400px\" \/><\/div>\n\t\t<\/a>\n\t\t\t\t<div class=\"elementor-post__text\">\n\t\t\t\t<h3 class=\"elementor-post__title\">\n\t\t\t<a href=\"https:\/\/protectosolutions.com\/es\/commercial-truck-insurance-in-florida-a-complete-guide\/\" >\n\t\t\t\tSeguros para camiones en la Florida: Una Gu\u00eda Completa\t\t\t<\/a>\n\t\t<\/h3>\n\t\t\t\t<div class=\"elementor-post__meta-data\">\n\t\t\t\t\t<span class=\"elementor-post-date\">\n\t\t\tfebrero 27, 2025\t\t<\/span>\n\t\t\t\t<span class=\"elementor-post-avatar\">\n\t\t\tNo hay comentarios\t\t<\/span>\n\t\t\t\t<\/div>\n\t\t\n\t\t<a class=\"elementor-post__read-more\" href=\"https:\/\/protectosolutions.com\/es\/commercial-truck-insurance-in-florida-a-complete-guide\/\" aria-label=\"Read more about Commercial Truck Insurance in Florida: A Complete Guide\" tabindex=\"-1\" >\n\t\t\tLeer Ahora \u00bb\t\t<\/a>\n\n\t\t\t\t<\/div>\n\t\t\t\t<\/article>\n\t\t\t\t<article class=\"elementor-post elementor-grid-item post-15043 post type-post status-publish format-standard has-post-thumbnail hentry category-uncategorized\">\n\t\t\t\t<a class=\"elementor-post__thumbnail__link\" href=\"https:\/\/protectosolutions.com\/es\/physical-damage-insurance-for-freight-transportation-companies\/\" tabindex=\"-1\" >\n\t\t\t<div class=\"elementor-post__thumbnail\"><img loading=\"lazy\" decoding=\"async\" width=\"2121\" height=\"1414\" src=\"https:\/\/protectosolutions.com\/wp-content\/uploads\/2025\/02\/semi-truck-transporting-min.webp\" class=\"attachment-full size-full wp-image-15067\" alt=\"\" srcset=\"https:\/\/protectosolutions.com\/wp-content\/uploads\/2025\/02\/semi-truck-transporting-min.webp 2121w, https:\/\/protectosolutions.com\/wp-content\/uploads\/2025\/02\/semi-truck-transporting-min-300x200.webp 300w, https:\/\/protectosolutions.com\/wp-content\/uploads\/2025\/02\/semi-truck-transporting-min-1024x683.webp 1024w, https:\/\/protectosolutions.com\/wp-content\/uploads\/2025\/02\/semi-truck-transporting-min-768x512.webp 768w, https:\/\/protectosolutions.com\/wp-content\/uploads\/2025\/02\/semi-truck-transporting-min-1536x1024.webp 1536w, https:\/\/protectosolutions.com\/wp-content\/uploads\/2025\/02\/semi-truck-transporting-min-2048x1365.webp 2048w, https:\/\/protectosolutions.com\/wp-content\/uploads\/2025\/02\/semi-truck-transporting-min-18x12.webp 18w, https:\/\/protectosolutions.com\/wp-content\/uploads\/2025\/02\/semi-truck-transporting-min-365x243.webp 365w\" sizes=\"(max-width: 2121px) 100vw, 2121px\" \/><\/div>\n\t\t<\/a>\n\t\t\t\t<div class=\"elementor-post__text\">\n\t\t\t\t<h3 class=\"elementor-post__title\">\n\t\t\t<a href=\"https:\/\/protectosolutions.com\/es\/physical-damage-insurance-for-freight-transportation-companies\/\" >\n\t\t\t\tSeguro de Da\u00f1o f\u00edsico para el transporte de Mercanc\u00edas, las Empresas de Transporte\t\t\t<\/a>\n\t\t<\/h3>\n\t\t\t\t<div class=\"elementor-post__meta-data\">\n\t\t\t\t\t<span class=\"elementor-post-date\">\n\t\t\tfebrero 27, 2025\t\t<\/span>\n\t\t\t\t<span class=\"elementor-post-avatar\">\n\t\t\tNo hay comentarios\t\t<\/span>\n\t\t\t\t<\/div>\n\t\t\n\t\t<a class=\"elementor-post__read-more\" href=\"https:\/\/protectosolutions.com\/es\/physical-damage-insurance-for-freight-transportation-companies\/\" aria-label=\"Read more about Physical Damage Insurance for Freight Transportation Companies\" tabindex=\"-1\" >\n\t\t\tLeer Ahora \u00bb\t\t<\/a>\n\n\t\t\t\t<\/div>\n\t\t\t\t<\/article>\n\t\t\t\t<article class=\"elementor-post elementor-grid-item post-15034 post type-post status-publish format-standard has-post-thumbnail hentry category-uncategorized\">\n\t\t\t\t<a class=\"elementor-post__thumbnail__link\" href=\"https:\/\/protectosolutions.com\/es\/what-type-of-insurance-does-your-transportation-company-need\/\" tabindex=\"-1\" >\n\t\t\t<div class=\"elementor-post__thumbnail\"><img loading=\"lazy\" decoding=\"async\" width=\"626\" height=\"417\" src=\"https:\/\/protectosolutions.com\/wp-content\/uploads\/2025\/02\/converted_2-1.jpg\" class=\"attachment-full size-full wp-image-15163\" alt=\"\" srcset=\"https:\/\/protectosolutions.com\/wp-content\/uploads\/2025\/02\/converted_2-1.jpg 626w, https:\/\/protectosolutions.com\/wp-content\/uploads\/2025\/02\/converted_2-1-300x200.jpg 300w, https:\/\/protectosolutions.com\/wp-content\/uploads\/2025\/02\/converted_2-1-18x12.jpg 18w, https:\/\/protectosolutions.com\/wp-content\/uploads\/2025\/02\/converted_2-1-365x243.jpg 365w\" sizes=\"(max-width: 626px) 100vw, 626px\" \/><\/div>\n\t\t<\/a>\n\t\t\t\t<div class=\"elementor-post__text\">\n\t\t\t\t<h3 class=\"elementor-post__title\">\n\t\t\t<a href=\"https:\/\/protectosolutions.com\/es\/what-type-of-insurance-does-your-transportation-company-need\/\" >\n\t\t\t\t\u00bfQu\u00e9 Tipo de Seguro a Su Empresa de Transporte Necesita?\t\t\t<\/a>\n\t\t<\/h3>\n\t\t\t\t<div class=\"elementor-post__meta-data\">\n\t\t\t\t\t<span class=\"elementor-post-date\">\n\t\t\tfebrero 27, 2025\t\t<\/span>\n\t\t\t\t<span class=\"elementor-post-avatar\">\n\t\t\tNo hay comentarios\t\t<\/span>\n\t\t\t\t<\/div>\n\t\t\n\t\t<a class=\"elementor-post__read-more\" href=\"https:\/\/protectosolutions.com\/es\/what-type-of-insurance-does-your-transportation-company-need\/\" aria-label=\"Read more about What Type of Insurance Does Your Transportation Company Need?\" tabindex=\"-1\" >\n\t\t\tLeer Ahora \u00bb\t\t<\/a>\n\n\t\t\t\t<\/div>\n\t\t\t\t<\/article>\n\t\t\t\t<\/div>\n\t\t\n\t\t\t\t\t\t<\/div>\n\t\t\t\t<\/div>\n\t\t\t\t\t<\/div>\n\t\t\t\t<\/div>\n\t\t\t\t<\/div>","protected":false},"excerpt":{"rendered":"","protected":false},"author":1,"featured_media":0,"parent":0,"menu_order":0,"comment_status":"closed","ping_status":"closed","template":"","meta":{"footnotes":""},"class_list":["post-15105","page","type-page","status-publish","hentry"],"_links":{"self":[{"href":"https:\/\/protectosolutions.com\/es\/wp-json\/wp\/v2\/pages\/15105","targetHints":{"allow":["GET"]}}],"collection":[{"href":"https:\/\/protectosolutions.com\/es\/wp-json\/wp\/v2\/pages"}],"about":[{"href":"https:\/\/protectosolutions.com\/es\/wp-json\/wp\/v2\/types\/page"}],"author":[{"embeddable":true,"href":"https:\/\/protectosolutions.com\/es\/wp-json\/wp\/v2\/users\/1"}],"replies":[{"embeddable":true,"href":"https:\/\/protectosolutions.com\/es\/wp-json\/wp\/v2\/comments?post=15105"}],"version-history":[{"count":22,"href":"https:\/\/protectosolutions.com\/es\/wp-json\/wp\/v2\/pages\/15105\/revisions"}],"predecessor-version":[{"id":15186,"href":"https:\/\/protectosolutions.com\/es\/wp-json\/wp\/v2\/pages\/15105\/revisions\/15186"}],"wp:attachment":[{"href":"https:\/\/protectosolutions.com\/es\/wp-json\/wp\/v2\/media?parent=15105"}],"curies":[{"name":"wp","href":"https:\/\/api.w.org\/{rel}","templated":true}]}}