{"id":3,"date":"2025-02-19T22:06:09","date_gmt":"2025-02-19T22:06:09","guid":{"rendered":"http:\/\/protectosolutions.com\/?page_id=3"},"modified":"2025-02-27T14:55:59","modified_gmt":"2025-02-27T14:55:59","slug":"privacy-policy","status":"publish","type":"page","link":"https:\/\/protectosolutions.com\/es\/privacy-policy\/","title":{"rendered":"Pol\u00edtica De Privacidad"},"content":{"rendered":"<h4 class=\"wp-block-heading\">\u00daltima Actualizaci\u00f3n: 25 De Febrero De 2025<\/h4>\n\n\n\n<p><strong>Pol\u00edtica De Privacidad<\/strong><\/p>\n\n\n\n<p><strong>En Protecto Solutions, estamos comprometidos a respetar su privacidad y proteger la informaci\u00f3n personal que usted comparte con nosotros.<\/strong> Esta Pol\u00edtica de Privacidad describe los tipos de informaci\u00f3n que recopilamos, c\u00f3mo la utilizamos, y sus derechos respecto a su informaci\u00f3n. Mediante el uso de nuestro Servicio, usted acepta las pr\u00e1cticas descritas en este documento y la confianza de que vamos a tratar sus datos con cuidado y transparencia.<\/p>\n\n\n\n<p><strong>Definiciones<\/strong><\/p>\n\n\n\n<ul class=\"wp-block-list\">\n<li><strong>Cuenta:<\/strong> Una \u00fanica cuenta creada para el acceso a nuestros Servicios o partes de nuestro Servicio.<\/li>\n\n\n\n<li><strong>Negocio:<\/strong> Se refiere a nuestra Empresa como la entidad jur\u00eddica que recopila la informaci\u00f3n personal del consumidor y determina los fines y los medios de procesamiento de la informaci\u00f3n.<\/li>\n\n\n\n<li><strong>De la compa\u00f1\u00eda (en adelante, &#034;la Compa\u00f1\u00eda&#034;, &#034;Nosotros&#034;, &#034;Nos&#034; o &#034;Nuestro&#034;):<\/strong> Protecto Soluciones, 1551 NW 65 AVE PLANTATION, FL 33313, que operan en los Estados unidos.<\/li>\n\n\n\n<li><strong>Consumidor:<\/strong> Una persona natural que interact\u00faa con nuestra Empresa y utiliza nuestro Servicio.<\/li>\n\n\n\n<li><strong>Cookies:<\/strong> Peque\u00f1os archivos que un sitio web coloca en su computadora, dispositivo m\u00f3vil o cualquier otro dispositivo, que contiene los detalles de su historial de navegaci\u00f3n entre sus diversos usos.<\/li>\n\n\n\n<li><strong>Pa\u00eds:<\/strong> Se refiere a los Estados unidos, indicando la ubicaci\u00f3n principal desde el que opera la Empresa o presta el Servicio.<\/li>\n\n\n\n<li><strong>Dispositivo:<\/strong> Cualquier dispositivo capaz de acceder al Servicio, tales como un ordenador, un tel\u00e9fono m\u00f3vil o tablet.<\/li>\n\n\n\n<li><strong>Do not Track (DNT):<\/strong> Un concepto que permite a los usuarios de Internet para controlar el seguimiento de sus actividades en l\u00ednea a trav\u00e9s de sitios web.<\/li>\n\n\n\n<li><strong>Facebook Fan Page:<\/strong> Un perfil p\u00fablico denominado Protecto Soluciones, creado espec\u00edficamente por la Empresa en el Facebook de la red social.<\/li>\n\n\n\n<li><strong>Datos Personales:<\/strong> Cualquier informaci\u00f3n que lo identifique, se relaciona, se describe, es capaz de estar asociada con, o que razonablemente podr\u00eda estar vinculado, directa o indirectamente, a usted.<\/li>\n\n\n\n<li><strong>Servicio:<\/strong> Se refiere a la p\u00e1gina web operado por la Empresa, accesible desde <a>https:\/\/protectosolutions.com<\/a>.<\/li>\n\n\n\n<li><strong>Proveedor De Servicios:<\/strong> Cualquier persona natural o jur\u00eddica que procesa los datos en nombre y representaci\u00f3n de la Empresa. Estas entidades realizan servicios relacionados con el Servicio o ayudar a la Empresa a analizar c\u00f3mo se utiliza el Servicio.<\/li>\n\n\n\n<li><strong>De Medios Sociales De Terceros Servicio De:<\/strong> Cualquier p\u00e1gina web o sitio de redes sociales a trav\u00e9s de la cual un usuario puede iniciar sesi\u00f3n o crear una cuenta para utilizar el Servicio.<\/li>\n\n\n\n<li><strong>Uso De Datos:<\/strong> Datos recogidos de forma autom\u00e1tica, ya sea generada por el uso del Servicio o de la infraestructura del Servicio en s\u00ed (por ejemplo, la duraci\u00f3n de una visita de la p\u00e1gina).<\/li>\n\n\n\n<li><strong>Usted\/Su:<\/strong> El individuo de acceder o utilizar el Servicio, o de la empresa o de otra entidad jur\u00eddica en cuyo nombre un individuo accede o utiliza el Servicio.<\/li>\n<\/ul>\n\n\n\n<p><strong>Recopilaci\u00f3n y Uso de Sus Datos Personales<\/strong> Valoramos su privacidad y buscar la transparencia acerca de c\u00f3mo recopilamos, utilizamos y compartimos su informaci\u00f3n. Esta secci\u00f3n explica los tipos de datos que recopilamos y c\u00f3mo la utilizamos para mejorar el servicio que ofrecemos.<\/p>\n\n\n\n<p><strong>Tipos de Datos Recopilados<\/strong><\/p>\n\n\n\n<ul class=\"wp-block-list\">\n<li><strong>Datos Personales:<\/strong> Mientras que la interacci\u00f3n con nuestro Servicio, nos puede pedir que proporcione cierta informaci\u00f3n personal que puede ser utilizada para identificar o contactar con usted. Ejemplos de dichos Datos Personales son:\n<ul class=\"wp-block-list\">\n<li><strong>Direcci\u00f3n de correo electr\u00f3nico:<\/strong> Se usa para la comunicaci\u00f3n y actualizaciones del servicio.<\/li>\n\n\n\n<li><strong>Nombre completo:<\/strong> Ayuda a personalizar nuestra comunicaci\u00f3n con usted.<\/li>\n\n\n\n<li><strong>N\u00famero de tel\u00e9fono:<\/strong> Se utiliza para la atenci\u00f3n directa al cliente de contacto o servicio de notificaciones.<\/li>\n\n\n\n<li><strong>Direcci\u00f3n f\u00edsica:<\/strong> Necesarios para los servicios que necesitan la entrega f\u00edsica o basados en la ubicaci\u00f3n de personalizaci\u00f3n (incluyendo el estado, provincia, c\u00f3digo postal y ciudad).<\/li>\n<\/ul>\n<\/li>\n\n\n\n<li><strong>Uso De Datos:<\/strong> Autom\u00e1ticamente recopilamos informaci\u00f3n cuando usted accede a nuestro Servicio. Estos datos nos ayudan a entender c\u00f3mo nuestros servicios son utilizados e identificar \u00e1reas de mejora. Los datos de uso incluye:\n<ul class=\"wp-block-list\">\n<li><strong>Informaci\u00f3n del navegador:<\/strong> Su tipo de navegador y su versi\u00f3n.<\/li>\n\n\n\n<li><strong>Direcci\u00f3n IP:<\/strong> Ayuda a diagnosticar problemas del servidor y administrar nuestro sitio web.<\/li>\n\n\n\n<li><strong>La actividad en nuestro Servicio:<\/strong> Las p\u00e1ginas visitadas, el tiempo de visita y la fecha, el tiempo empleado en esas p\u00e1ginas.<\/li>\n\n\n\n<li><strong>Informaci\u00f3n del dispositivo:<\/strong> Tipo de dispositivo, el identificador \u00fanico de dispositivo, configuraci\u00f3n de dispositivo y sistema operativo.<\/li>\n<\/ul>\n<\/li>\n\n\n\n<li><strong>Dispositivo M\u00f3vil De Datos:<\/strong> Al acceder a nuestro Servicio a trav\u00e9s de un dispositivo m\u00f3vil, la informaci\u00f3n adicional puede ser recogida de forma autom\u00e1tica, tales como:\n<ul class=\"wp-block-list\">\n<li><strong>Dispositivo m\u00f3vil tipo de ID \u00fanico y:<\/strong> Asegura el correcto funcionamiento de la aplicaci\u00f3n y proporciona dispositivo espec\u00edfico de servicios.<\/li>\n\n\n\n<li><strong>M\u00f3vil direcci\u00f3n IP y el navegador:<\/strong> Se utiliza para mejorar la seguridad y optimizar el servicio basado en el navegador de tu m\u00f3vil y la red.<\/li>\n\n\n\n<li><strong>El sistema operativo m\u00f3vil:<\/strong> Ayuda a solucionar problemas espec\u00edficos de OS problemas y mejorar el rendimiento de la aplicaci\u00f3n.<\/li>\n<\/ul>\n<\/li>\n<\/ul>\n\n\n\n<p><strong>Uso de Sus Datos Personales<\/strong> Manejamos sus datos personales de manera responsable y en cumplimiento con las leyes de estados UNIDOS. A continuaci\u00f3n son los prop\u00f3sitos espec\u00edficos para los cuales podemos utilizar su informaci\u00f3n personal:<\/p>\n\n\n\n<ul class=\"wp-block-list\">\n<li><strong>La Provisi\u00f3n de servicios y Mantenimiento:<\/strong> Podemos utilizar su informaci\u00f3n personal para operar y mantener nuestros servicios, asegurando que usted tiene acceso completo a nuestras caracter\u00edsticas.<\/li>\n\n\n\n<li><strong>Gesti\u00f3n De Cuentas:<\/strong> Sus datos personales nos ayuda a administrar su cuenta y la gesti\u00f3n de sus registros y del perfil del usuario.<\/li>\n\n\n\n<li><strong>Las Obligaciones Contractuales:<\/strong> Para cumplir el producto o servicio de transacciones que usted haya solicitado.<\/li>\n\n\n\n<li><strong>Comunicaci\u00f3n:<\/strong> Para informarle acerca de actualizaciones, alertas de seguridad y del producto o servicio de informaci\u00f3n.<\/li>\n\n\n\n<li><strong>Marketing y Promociones:<\/strong> Con su permiso, podemos enviarle noticias y ofertas especiales.<\/li>\n\n\n\n<li><strong>Gesti\u00f3n De Solicitud:<\/strong> Para gestionar y responder a cualquier petici\u00f3n o asunto que se han puesto en contacto con nosotros acerca de.<\/li>\n\n\n\n<li><strong>La Publicidad Dirigida A:<\/strong> Con su consentimiento, su informaci\u00f3n se utiliza para desarrollar y mostrar publicidad personalizada de contenido.<\/li>\n\n\n\n<li><strong>Transferencias De Negocios:<\/strong> En el caso de una fusi\u00f3n, cesi\u00f3n, reestructuraci\u00f3n, o la venta o transferencia de activos.<\/li>\n\n\n\n<li><strong>Medidas De Seguridad:<\/strong> Sus datos ayuda a proteger nuestro Servicio de fraude, abuso, y otras actividades nocivas.<\/li>\n\n\n\n<li><strong>Legales y de Cumplimiento:<\/strong> Utilizamos sus datos para cumplir con las leyes aplicables y el cumplimiento de nuestros acuerdos con terceros.<\/li>\n\n\n\n<li><strong>Fines Anal\u00edticos:<\/strong> Para identificar las tendencias y mejorar el servicio, el marketing y las relaciones con los clientes.<\/li>\n<\/ul>\n\n\n\n<p><strong>La retenci\u00f3n de Sus Datos Personales<\/strong> Conservamos la informaci\u00f3n personal durante el tiempo necesario para cumplir con los fines descritos en esta Pol\u00edtica de Privacidad, el cumplimiento de obligaciones legales, resolver disputas y hacer cumplir nuestros acuerdos. Una vez que el per\u00edodo de retenci\u00f3n de los extremos, los datos se eliminan de forma segura o an\u00f3nima.<\/p>\n\n\n\n<p><strong>Cumplimiento de las Obligaciones Legales y<\/strong> Nos aseguramos de que sus datos personales sean tratados de conformidad con los requisitos legales y s\u00f3lo para fines comerciales leg\u00edtimos. Nuestras pr\u00e1cticas est\u00e1n dise\u00f1adas para proporcionar un alto nivel de seguridad de su informaci\u00f3n personal, respetando sus derechos de privacidad.<\/p>\n\n\n\n<p><strong>Sus Opciones y Derechos<\/strong> Usted tiene derechos espec\u00edficos respecto a la informaci\u00f3n personal que tenemos sobre usted, incluyendo:<\/p>\n\n\n\n<ul class=\"wp-block-list\">\n<li><strong>El acceso y la recepci\u00f3n de una copia de sus datos.<\/strong><\/li>\n\n\n\n<li><strong>La rectificaci\u00f3n de cualquier error.<\/strong><\/li>\n\n\n\n<li><strong>Solicitar la supresi\u00f3n de sus datos.<\/strong><\/li>\n\n\n\n<li><strong>Retirar el consentimiento cuando sea aplicable.<\/strong><\/li>\n<\/ul>\n\n\n\n<p>Para ejercitar estos derechos, p\u00f3ngase en contacto con nosotros. La verificaci\u00f3n de su identidad puede ser necesaria para asegurar la seguridad de sus datos.<\/p>\n\n\n\n<p><strong>Transferencia de Sus Datos Personales<\/strong> Sus datos personales podr\u00e1n ser tratados y almacenados en los lugares donde nosotros o nuestros socios de operar. Tomamos las precauciones necesarias para asegurar que sus datos son manejados de manera segura y en cumplimiento con las leyes aplicables.<\/p>\n\n\n\n<p><strong>La divulgaci\u00f3n de Sus Datos Personales<\/strong> Podemos revelar datos:<\/p>\n\n\n\n<ul class=\"wp-block-list\">\n<li><strong>Para cumplir con obligaciones legales.<\/strong><\/li>\n\n\n\n<li><strong>En relaci\u00f3n con las transacciones comerciales.<\/strong><\/li>\n\n\n\n<li><strong>Para proteger nuestros derechos o investigar la mala conducta.<\/strong><\/li>\n<\/ul>\n\n\n\n<p><strong>La Privacidad de los ni\u00f1os<\/strong> Nuestro servicio no est\u00e1 dirigido a personas menores de 13 a\u00f1os de edad. Si usted cree que su hijo ha proporcionado datos personales, por favor p\u00f3ngase en contacto con nosotros.<\/p>","protected":false},"excerpt":{"rendered":"<p>Last Updated: February 25, 2025 Privacy Policy At Protecto Solutions, we are committed to respecting your privacy and protecting the personal information you share with us. This Privacy Policy describes the types of data we collect, how we use it, and your rights regarding your information. By using our Service, you agree to the practices&#8230;<\/p>","protected":false},"author":1,"featured_media":0,"parent":0,"menu_order":0,"comment_status":"closed","ping_status":"open","template":"","meta":{"footnotes":""},"class_list":["post-3","page","type-page","status-publish","hentry"],"_links":{"self":[{"href":"https:\/\/protectosolutions.com\/es\/wp-json\/wp\/v2\/pages\/3","targetHints":{"allow":["GET"]}}],"collection":[{"href":"https:\/\/protectosolutions.com\/es\/wp-json\/wp\/v2\/pages"}],"about":[{"href":"https:\/\/protectosolutions.com\/es\/wp-json\/wp\/v2\/types\/page"}],"author":[{"embeddable":true,"href":"https:\/\/protectosolutions.com\/es\/wp-json\/wp\/v2\/users\/1"}],"replies":[{"embeddable":true,"href":"https:\/\/protectosolutions.com\/es\/wp-json\/wp\/v2\/comments?post=3"}],"version-history":[{"count":5,"href":"https:\/\/protectosolutions.com\/es\/wp-json\/wp\/v2\/pages\/3\/revisions"}],"predecessor-version":[{"id":15071,"href":"https:\/\/protectosolutions.com\/es\/wp-json\/wp\/v2\/pages\/3\/revisions\/15071"}],"wp:attachment":[{"href":"https:\/\/protectosolutions.com\/es\/wp-json\/wp\/v2\/media?parent=3"}],"curies":[{"name":"wp","href":"https:\/\/api.w.org\/{rel}","templated":true}]}}